{"id":135,"date":"2017-08-20T12:03:23","date_gmt":"2017-08-20T10:03:23","guid":{"rendered":"https:\/\/geruestbau-berger.de\/rek\/?page_id=135"},"modified":"2019-11-21T15:03:26","modified_gmt":"2019-11-21T14:03:26","slug":"geruestbau","status":"publish","type":"page","link":"https:\/\/geruestbau-berger.de\/rek\/geruestbau\/","title":{"rendered":"Ger\u00fcstbau"},"content":{"rendered":"<p>Auch f\u00fcr Ihr Projekt haben wir eine passende L\u00f6sung. Sollten Sie ein Wohngeb\u00e4ude einr\u00fcsten wollen oder Zusatzkonstruktionen wie Fluchttreppen, Schutzger\u00fcste oder \u00e4hnliches ben\u00f6tigen sprechen Sie unsere Projektleiter an. Diese finden Sie unter unseren T\u00e4tigkeitsfeldern.<\/p>\n<p><a href=\"https:\/\/geruestbau-berger.de\/rek\/wp-content\/uploads\/2017\/08\/laboe.jpg\"><img loading=\"lazy\" decoding=\"async\" class=\"alignnone size-medium wp-image-137\" src=\"https:\/\/geruestbau-berger.de\/rek\/wp-content\/uploads\/2017\/08\/laboe.jpg\" alt=\"laboe\" width=\"200\" height=\"270\" \/><\/a><\/p>\n","protected":false},"excerpt":{"rendered":"<p>Auch f\u00fcr Ihr Projekt haben wir eine passende L\u00f6sung. Sollten Sie ein Wohngeb\u00e4ude einr\u00fcsten wollen oder Zusatzkonstruktionen wie Fluchttreppen, Schutzger\u00fcste oder \u00e4hnliches ben\u00f6tigen sprechen Sie unsere Projektleiter an. Diese finden Sie unter unseren T\u00e4tigkeitsfeldern.<\/p>\n","protected":false},"author":2,"featured_media":0,"parent":0,"menu_order":0,"comment_status":"closed","ping_status":"closed","template":"","meta":{"_bbp_topic_count":0,"_bbp_reply_count":0,"_bbp_total_topic_count":0,"_bbp_total_reply_count":0,"_bbp_voice_count":0,"_bbp_anonymous_reply_count":0,"_bbp_topic_count_hidden":0,"_bbp_reply_count_hidden":0,"_bbp_forum_subforum_count":0,"footnotes":""},"class_list":["post-135","page","type-page","status-publish","hentry"],"_links":{"self":[{"href":"https:\/\/geruestbau-berger.de\/rek\/wp-json\/wp\/v2\/pages\/135","targetHints":{"allow":["GET"]}}],"collection":[{"href":"https:\/\/geruestbau-berger.de\/rek\/wp-json\/wp\/v2\/pages"}],"about":[{"href":"https:\/\/geruestbau-berger.de\/rek\/wp-json\/wp\/v2\/types\/page"}],"author":[{"embeddable":true,"href":"https:\/\/geruestbau-berger.de\/rek\/wp-json\/wp\/v2\/users\/2"}],"replies":[{"embeddable":true,"href":"https:\/\/geruestbau-berger.de\/rek\/wp-json\/wp\/v2\/comments?post=135"}],"version-history":[{"count":6,"href":"https:\/\/geruestbau-berger.de\/rek\/wp-json\/wp\/v2\/pages\/135\/revisions"}],"predecessor-version":[{"id":544,"href":"https:\/\/geruestbau-berger.de\/rek\/wp-json\/wp\/v2\/pages\/135\/revisions\/544"}],"wp:attachment":[{"href":"https:\/\/geruestbau-berger.de\/rek\/wp-json\/wp\/v2\/media?parent=135"}],"curies":[{"name":"wp","href":"https:\/\/api.w.org\/{rel}","templated":true}]}}