{"id":16,"date":"2015-09-08T14:25:00","date_gmt":"2015-09-08T12:25:00","guid":{"rendered":"https:\/\/geruestbau-berger.de\/rek\/?page_id=16"},"modified":"2019-05-24T12:20:51","modified_gmt":"2019-05-24T10:20:51","slug":"ueber-uns","status":"publish","type":"page","link":"https:\/\/geruestbau-berger.de\/rek\/ueber-uns\/","title":{"rendered":"\u00dcber Uns"},"content":{"rendered":"<p class=\"p1\"><img loading=\"lazy\" decoding=\"async\" class=\"wp-image-19 alignleft\" src=\"https:\/\/geruestbau-berger.de\/rek\/wp-content\/uploads\/2015\/09\/Lkw01-Berger.jpg\" alt=\"Lkw01-Berger\" width=\"450\" height=\"331\" srcset=\"https:\/\/geruestbau-berger.de\/rek\/wp-content\/uploads\/2015\/09\/Lkw01-Berger.jpg 950w, https:\/\/geruestbau-berger.de\/rek\/wp-content\/uploads\/2015\/09\/Lkw01-Berger-300x221.jpg 300w, https:\/\/geruestbau-berger.de\/rek\/wp-content\/uploads\/2015\/09\/Lkw01-Berger-70x50.jpg 70w, https:\/\/geruestbau-berger.de\/rek\/wp-content\/uploads\/2015\/09\/Lkw01-Berger-930x684.jpg 930w\" sizes=\"auto, (max-width: 450px) 100vw, 450px\" \/><\/p>\n<h3>HISTORIE<\/h3>\n<p class=\"p2\">In der Zeit des Wiederaufbaus gr\u00fcndete Karlheinz Berger die Firma \u201eLeiterger\u00fcstbau Karlheinz Berger\u201c und spezialisierte sich auf Arbeits- und Schutzger\u00fcste im Hoch- und Industriebau. Ger\u00fcste wurden dringend gebraucht. Improvisation und Kreativit\u00e4t waren zu dieser Zeit naturgem\u00e4\u00df besonders gefordert. Hatte man zun\u00e4chst mit Handkarren Ger\u00fcste von einer Baustelle zur n\u00e4chsten transportiert, konnte man dank eines Auftrags vom KraftwerkEssen-Karnap am Anfang der 50er Jahre den ersten LKW anschaffen. Seit diesem Zeitpunkt ging es mit der Firma kontinuierlich aufw\u00e4rts.<\/p>\n<hr>\n<h3><\/h3>\n<h3><\/h3>\n<h3><\/h3>\n<h3><img loading=\"lazy\" decoding=\"async\" class=\"wp-image-29 size-medium alignright\" src=\"https:\/\/geruestbau-berger.de\/rek\/wp-content\/uploads\/2015\/09\/Kugel-Veba-220x300.jpg\" alt=\"Kugel-Veba\" width=\"220\" height=\"300\" srcset=\"https:\/\/geruestbau-berger.de\/rek\/wp-content\/uploads\/2015\/09\/Kugel-Veba-220x300.jpg 220w, https:\/\/geruestbau-berger.de\/rek\/wp-content\/uploads\/2015\/09\/Kugel-Veba-751x1024.jpg 751w, https:\/\/geruestbau-berger.de\/rek\/wp-content\/uploads\/2015\/09\/Kugel-Veba-682x930.jpg 682w, https:\/\/geruestbau-berger.de\/rek\/wp-content\/uploads\/2015\/09\/Kugel-Veba.jpg 1008w\" sizes=\"auto, (max-width: 220px) 100vw, 220px\" \/><\/h3>\n<h3><\/h3>\n<h3><\/h3>\n<h3>GER\u00dcSTBAU IST ERFAHRUNGSSACHE<\/h3>\n<p class=\"p2\">Wenn Sie f\u00fcr Ihre Baustelle Ger\u00fcste brauchen, die nicht der Regelbauweise entsprechen: Wir entwickeln Ihnen Konstruktionen zur L\u00f6sung Ihres ganz speziellen Problems. Weil wir auf diesem Gebiet gro\u00dfe Erfahrung<\/p>\n<p class=\"p3\">haben, arbeiten auch Ger\u00fcstmaterialhersteller eng mit unserem technischen B\u00fcro zusammen. Schon manche Neuentwicklung der Hersteller entstand so bei uns als Vorentwurf, die ku<\/p>\n","protected":false},"excerpt":{"rendered":"<p>HISTORIE In der Zeit des Wiederaufbaus gr\u00fcndete Karlheinz Berger die Firma \u201eLeiterger\u00fcstbau Karlheinz Berger\u201c und spezialisierte sich auf Arbeits- und Schutzger\u00fcste im Hoch- und Industriebau. Ger\u00fcste wurden dringend gebraucht. Improvisation und Kreativit\u00e4t waren zu dieser Zeit naturgem\u00e4\u00df besonders gefordert. Hatte man zun\u00e4chst mit Handkarren Ger\u00fcste von einer Baustelle zur n\u00e4chsten transportiert, konnte man dank eines [&hellip;]<\/p>\n","protected":false},"author":1,"featured_media":0,"parent":0,"menu_order":0,"comment_status":"closed","ping_status":"closed","template":"","meta":{"_bbp_topic_count":0,"_bbp_reply_count":0,"_bbp_total_topic_count":0,"_bbp_total_reply_count":0,"_bbp_voice_count":0,"_bbp_anonymous_reply_count":0,"_bbp_topic_count_hidden":0,"_bbp_reply_count_hidden":0,"_bbp_forum_subforum_count":0,"footnotes":""},"class_list":["post-16","page","type-page","status-publish","hentry"],"_links":{"self":[{"href":"https:\/\/geruestbau-berger.de\/rek\/wp-json\/wp\/v2\/pages\/16","targetHints":{"allow":["GET"]}}],"collection":[{"href":"https:\/\/geruestbau-berger.de\/rek\/wp-json\/wp\/v2\/pages"}],"about":[{"href":"https:\/\/geruestbau-berger.de\/rek\/wp-json\/wp\/v2\/types\/page"}],"author":[{"embeddable":true,"href":"https:\/\/geruestbau-berger.de\/rek\/wp-json\/wp\/v2\/users\/1"}],"replies":[{"embeddable":true,"href":"https:\/\/geruestbau-berger.de\/rek\/wp-json\/wp\/v2\/comments?post=16"}],"version-history":[{"count":18,"href":"https:\/\/geruestbau-berger.de\/rek\/wp-json\/wp\/v2\/pages\/16\/revisions"}],"predecessor-version":[{"id":364,"href":"https:\/\/geruestbau-berger.de\/rek\/wp-json\/wp\/v2\/pages\/16\/revisions\/364"}],"wp:attachment":[{"href":"https:\/\/geruestbau-berger.de\/rek\/wp-json\/wp\/v2\/media?parent=16"}],"curies":[{"name":"wp","href":"https:\/\/api.w.org\/{rel}","templated":true}]}}