{"id":346,"date":"2018-09-18T22:52:28","date_gmt":"2018-09-18T20:52:28","guid":{"rendered":"https:\/\/geruestbau-berger.de\/rek\/?page_id=346"},"modified":"2019-11-21T13:08:01","modified_gmt":"2019-11-21T12:08:01","slug":"sondergeruestbau-haengegerueste","status":"publish","type":"page","link":"https:\/\/geruestbau-berger.de\/rek\/sondergeruestbau-haengegerueste\/","title":{"rendered":"Sonderger\u00fcstbau"},"content":{"rendered":"<p>Fluchtreppent\u00fcrme<\/p>\n<p>H\u00e4ngeger\u00fcste<\/p>\n<p>Schutzger\u00fcste<\/p>\n<p>fahrbare Ger\u00fcstkonstruktionen<\/p>\n<p>Wetterschutzd\u00e4cher<\/p>\n<p>Ger\u00fcste f\u00fcr Stromnetzausbau<\/p>\n","protected":false},"excerpt":{"rendered":"<p>Fluchtreppent\u00fcrme H\u00e4ngeger\u00fcste Schutzger\u00fcste fahrbare Ger\u00fcstkonstruktionen Wetterschutzd\u00e4cher Ger\u00fcste f\u00fcr Stromnetzausbau<\/p>\n","protected":false},"author":3,"featured_media":0,"parent":0,"menu_order":0,"comment_status":"closed","ping_status":"closed","template":"","meta":{"_bbp_topic_count":0,"_bbp_reply_count":0,"_bbp_total_topic_count":0,"_bbp_total_reply_count":0,"_bbp_voice_count":0,"_bbp_anonymous_reply_count":0,"_bbp_topic_count_hidden":0,"_bbp_reply_count_hidden":0,"_bbp_forum_subforum_count":0,"footnotes":""},"class_list":["post-346","page","type-page","status-publish","hentry"],"_links":{"self":[{"href":"https:\/\/geruestbau-berger.de\/rek\/wp-json\/wp\/v2\/pages\/346","targetHints":{"allow":["GET"]}}],"collection":[{"href":"https:\/\/geruestbau-berger.de\/rek\/wp-json\/wp\/v2\/pages"}],"about":[{"href":"https:\/\/geruestbau-berger.de\/rek\/wp-json\/wp\/v2\/types\/page"}],"author":[{"embeddable":true,"href":"https:\/\/geruestbau-berger.de\/rek\/wp-json\/wp\/v2\/users\/3"}],"replies":[{"embeddable":true,"href":"https:\/\/geruestbau-berger.de\/rek\/wp-json\/wp\/v2\/comments?post=346"}],"version-history":[{"count":4,"href":"https:\/\/geruestbau-berger.de\/rek\/wp-json\/wp\/v2\/pages\/346\/revisions"}],"predecessor-version":[{"id":414,"href":"https:\/\/geruestbau-berger.de\/rek\/wp-json\/wp\/v2\/pages\/346\/revisions\/414"}],"wp:attachment":[{"href":"https:\/\/geruestbau-berger.de\/rek\/wp-json\/wp\/v2\/media?parent=346"}],"curies":[{"name":"wp","href":"https:\/\/api.w.org\/{rel}","templated":true}]}}