{"id":420,"date":"2019-11-21T13:23:08","date_gmt":"2019-11-21T12:23:08","guid":{"rendered":"https:\/\/geruestbau-berger.de\/rek\/?page_id=420"},"modified":"2019-11-21T13:24:03","modified_gmt":"2019-11-21T12:24:03","slug":"kernkraftwerke","status":"publish","type":"page","link":"https:\/\/geruestbau-berger.de\/rek\/kernkraftwerke\/","title":{"rendered":"Kernkraftwerke"},"content":{"rendered":"\n<div class=\"wp-block-media-text alignwide\"><figure class=\"wp-block-media-text__media\"><img loading=\"lazy\" decoding=\"async\" width=\"673\" height=\"1024\" src=\"https:\/\/geruestbau-berger.de\/rek\/wp-content\/uploads\/2019\/11\/Biblis-Kamin-673x1024.jpg\" alt=\"\" class=\"wp-image-421\" srcset=\"https:\/\/geruestbau-berger.de\/rek\/wp-content\/uploads\/2019\/11\/Biblis-Kamin-673x1024.jpg 673w, https:\/\/geruestbau-berger.de\/rek\/wp-content\/uploads\/2019\/11\/Biblis-Kamin-197x300.jpg 197w, https:\/\/geruestbau-berger.de\/rek\/wp-content\/uploads\/2019\/11\/Biblis-Kamin-768x1169.jpg 768w, https:\/\/geruestbau-berger.de\/rek\/wp-content\/uploads\/2019\/11\/Biblis-Kamin-611x930.jpg 611w, https:\/\/geruestbau-berger.de\/rek\/wp-content\/uploads\/2019\/11\/Biblis-Kamin.jpg 778w\" sizes=\"auto, (max-width: 673px) 100vw, 673px\" \/><\/figure><div class=\"wp-block-media-text__content\">\n<p class=\"has-large-font-size\">Kaminger\u00fcst<\/p>\n<\/div><\/div>\n\n\n\n<div class=\"wp-block-media-text alignwide has-media-on-the-right\"><figure class=\"wp-block-media-text__media\"><img loading=\"lazy\" decoding=\"async\" width=\"768\" height=\"1024\" src=\"https:\/\/geruestbau-berger.de\/rek\/wp-content\/uploads\/2019\/11\/Hubger\u00fcst-2010-01-768x1024.jpg\" alt=\"\" class=\"wp-image-422\" srcset=\"https:\/\/geruestbau-berger.de\/rek\/wp-content\/uploads\/2019\/11\/Hubger\u00fcst-2010-01-768x1024.jpg 768w, https:\/\/geruestbau-berger.de\/rek\/wp-content\/uploads\/2019\/11\/Hubger\u00fcst-2010-01-225x300.jpg 225w, https:\/\/geruestbau-berger.de\/rek\/wp-content\/uploads\/2019\/11\/Hubger\u00fcst-2010-01-1152x1536.jpg 1152w, https:\/\/geruestbau-berger.de\/rek\/wp-content\/uploads\/2019\/11\/Hubger\u00fcst-2010-01-698x930.jpg 698w, https:\/\/geruestbau-berger.de\/rek\/wp-content\/uploads\/2019\/11\/Hubger\u00fcst-2010-01.jpg 1200w\" sizes=\"auto, (max-width: 768px) 100vw, 768px\" \/><\/figure><div class=\"wp-block-media-text__content\">\n<p class=\"has-large-font-size\">Einr\u00fcstung <\/p>\n\n\n\n<p class=\"has-large-font-size\">Hubger\u00fcst<\/p>\n<\/div><\/div>\n\n\n\n<div class=\"wp-block-media-text alignwide\"><figure class=\"wp-block-media-text__media\"><img loading=\"lazy\" decoding=\"async\" width=\"768\" height=\"1024\" src=\"https:\/\/geruestbau-berger.de\/rek\/wp-content\/uploads\/2019\/11\/Hubger\u00fcst-2010-04-768x1024.jpg\" alt=\"\" class=\"wp-image-426\" srcset=\"https:\/\/geruestbau-berger.de\/rek\/wp-content\/uploads\/2019\/11\/Hubger\u00fcst-2010-04-768x1024.jpg 768w, https:\/\/geruestbau-berger.de\/rek\/wp-content\/uploads\/2019\/11\/Hubger\u00fcst-2010-04-225x300.jpg 225w, https:\/\/geruestbau-berger.de\/rek\/wp-content\/uploads\/2019\/11\/Hubger\u00fcst-2010-04-1152x1536.jpg 1152w, https:\/\/geruestbau-berger.de\/rek\/wp-content\/uploads\/2019\/11\/Hubger\u00fcst-2010-04-698x930.jpg 698w, https:\/\/geruestbau-berger.de\/rek\/wp-content\/uploads\/2019\/11\/Hubger\u00fcst-2010-04.jpg 1200w\" sizes=\"auto, (max-width: 768px) 100vw, 768px\" \/><\/figure><div class=\"wp-block-media-text__content\">\n<p class=\"has-large-font-size\"><\/p>\n<\/div><\/div>\n","protected":false},"excerpt":{"rendered":"<p>Kaminger\u00fcst Einr\u00fcstung Hubger\u00fcst<\/p>\n","protected":false},"author":1,"featured_media":0,"parent":0,"menu_order":0,"comment_status":"closed","ping_status":"closed","template":"","meta":{"_bbp_topic_count":0,"_bbp_reply_count":0,"_bbp_total_topic_count":0,"_bbp_total_reply_count":0,"_bbp_voice_count":0,"_bbp_anonymous_reply_count":0,"_bbp_topic_count_hidden":0,"_bbp_reply_count_hidden":0,"_bbp_forum_subforum_count":0,"footnotes":""},"class_list":["post-420","page","type-page","status-publish","hentry"],"_links":{"self":[{"href":"https:\/\/geruestbau-berger.de\/rek\/wp-json\/wp\/v2\/pages\/420","targetHints":{"allow":["GET"]}}],"collection":[{"href":"https:\/\/geruestbau-berger.de\/rek\/wp-json\/wp\/v2\/pages"}],"about":[{"href":"https:\/\/geruestbau-berger.de\/rek\/wp-json\/wp\/v2\/types\/page"}],"author":[{"embeddable":true,"href":"https:\/\/geruestbau-berger.de\/rek\/wp-json\/wp\/v2\/users\/1"}],"replies":[{"embeddable":true,"href":"https:\/\/geruestbau-berger.de\/rek\/wp-json\/wp\/v2\/comments?post=420"}],"version-history":[{"count":2,"href":"https:\/\/geruestbau-berger.de\/rek\/wp-json\/wp\/v2\/pages\/420\/revisions"}],"predecessor-version":[{"id":427,"href":"https:\/\/geruestbau-berger.de\/rek\/wp-json\/wp\/v2\/pages\/420\/revisions\/427"}],"wp:attachment":[{"href":"https:\/\/geruestbau-berger.de\/rek\/wp-json\/wp\/v2\/media?parent=420"}],"curies":[{"name":"wp","href":"https:\/\/api.w.org\/{rel}","templated":true}]}}