{"id":540,"date":"2019-11-21T14:50:56","date_gmt":"2019-11-21T13:50:56","guid":{"rendered":"https:\/\/geruestbau-berger.de\/rek\/?page_id=540"},"modified":"2019-11-21T15:11:43","modified_gmt":"2019-11-21T14:11:43","slug":"geruestvermietung","status":"publish","type":"page","link":"https:\/\/geruestbau-berger.de\/rek\/geruestvermietung\/","title":{"rendered":"Ger\u00fcstvermietung"},"content":{"rendered":"\n<p>Bei Materialbedarf mieten Sie einfach das ben\u00f6tigte Ger\u00fcstmaterial bei uns f\u00fcr Ihren Auftrag. So k\u00f6nnen Sie auch gr\u00f6\u00dfere Projekte ohne Neuinvestitionen realisieren.<\/p>\n\n\n\n<p><\/p>\n\n\n\n<p>Unserer Ansprechpartner f\u00fcr Sie sitzen im Gelsenkirchener Zentrallager. Erreichbar unter: 02 09 &#8211; 14 73 07 -0<\/p>\n","protected":false},"excerpt":{"rendered":"<p>Bei Materialbedarf mieten Sie einfach das ben\u00f6tigte Ger\u00fcstmaterial bei uns f\u00fcr Ihren Auftrag. So k\u00f6nnen Sie auch gr\u00f6\u00dfere Projekte ohne Neuinvestitionen realisieren. Unserer Ansprechpartner f\u00fcr Sie sitzen im Gelsenkirchener Zentrallager. Erreichbar unter: 02 09 &#8211; 14 73 07 -0<\/p>\n","protected":false},"author":1,"featured_media":0,"parent":0,"menu_order":0,"comment_status":"closed","ping_status":"closed","template":"","meta":{"_bbp_topic_count":0,"_bbp_reply_count":0,"_bbp_total_topic_count":0,"_bbp_total_reply_count":0,"_bbp_voice_count":0,"_bbp_anonymous_reply_count":0,"_bbp_topic_count_hidden":0,"_bbp_reply_count_hidden":0,"_bbp_forum_subforum_count":0,"footnotes":""},"class_list":["post-540","page","type-page","status-publish","hentry"],"_links":{"self":[{"href":"https:\/\/geruestbau-berger.de\/rek\/wp-json\/wp\/v2\/pages\/540","targetHints":{"allow":["GET"]}}],"collection":[{"href":"https:\/\/geruestbau-berger.de\/rek\/wp-json\/wp\/v2\/pages"}],"about":[{"href":"https:\/\/geruestbau-berger.de\/rek\/wp-json\/wp\/v2\/types\/page"}],"author":[{"embeddable":true,"href":"https:\/\/geruestbau-berger.de\/rek\/wp-json\/wp\/v2\/users\/1"}],"replies":[{"embeddable":true,"href":"https:\/\/geruestbau-berger.de\/rek\/wp-json\/wp\/v2\/comments?post=540"}],"version-history":[{"count":3,"href":"https:\/\/geruestbau-berger.de\/rek\/wp-json\/wp\/v2\/pages\/540\/revisions"}],"predecessor-version":[{"id":546,"href":"https:\/\/geruestbau-berger.de\/rek\/wp-json\/wp\/v2\/pages\/540\/revisions\/546"}],"wp:attachment":[{"href":"https:\/\/geruestbau-berger.de\/rek\/wp-json\/wp\/v2\/media?parent=540"}],"curies":[{"name":"wp","href":"https:\/\/api.w.org\/{rel}","templated":true}]}}