{"id":8,"date":"2015-07-14T14:37:33","date_gmt":"2015-07-14T12:37:33","guid":{"rendered":"https:\/\/geruestbau-berger.de\/rek\/?page_id=8"},"modified":"2020-10-03T16:18:25","modified_gmt":"2020-10-03T14:18:25","slug":"startseite","status":"publish","type":"page","link":"https:\/\/geruestbau-berger.de\/rek\/","title":{"rendered":"Herzlich Willkommen"},"content":{"rendered":"<p><strong><img loading=\"lazy\" decoding=\"async\" class=\"wp-image-47 alignright\" src=\"https:\/\/geruestbau-berger.de\/rek\/wp-content\/uploads\/2015\/07\/RWE-HV-04.jpg\" alt=\"RWE-HV-04\" width=\"350\" height=\"498\" srcset=\"https:\/\/geruestbau-berger.de\/rek\/wp-content\/uploads\/2015\/07\/RWE-HV-04.jpg 523w, https:\/\/geruestbau-berger.de\/rek\/wp-content\/uploads\/2015\/07\/RWE-HV-04-211x300.jpg 211w\" sizes=\"auto, (max-width: 350px) 100vw, 350px\" \/><\/strong><\/p>\n<p><strong>GER\u00dcSTBAU IST EINE FRAGE DER SICHERHEIT <\/strong><\/p>\n<p class=\"p3\">Sicherheit wird bei uns gro\u00df geschrieben und f\u00e4ngt in der Planung an. Sie ist unser oberstes Gebot. Gew\u00e4hrleistet wird sie durch unser qualifiziertes Personal im technischen B\u00fcro. F\u00fcr die Montage vor Ort sind unsere gepr\u00fcften Ger\u00fcstbau-Kolonnenf\u00fchrer und Obermonteure verantwortlich, die wiederum vom zust\u00e4ndigen Bauleiter, sowie von unserer Fachkraft f\u00fcr Arbeitssicherheit und die ihr unterstellten Sicherheitsbeauftragten \u00fcberpr\u00fcft werden.<\/p>\n","protected":false},"excerpt":{"rendered":"<p>GER\u00dcSTBAU IST EINE FRAGE DER SICHERHEIT Sicherheit wird bei uns gro\u00df geschrieben und f\u00e4ngt in der Planung an. Sie ist unser oberstes Gebot. Gew\u00e4hrleistet wird sie durch unser qualifiziertes Personal im technischen B\u00fcro. F\u00fcr die Montage vor Ort sind unsere gepr\u00fcften Ger\u00fcstbau-Kolonnenf\u00fchrer und Obermonteure verantwortlich, die wiederum vom zust\u00e4ndigen Bauleiter, sowie von unserer Fachkraft f\u00fcr [&hellip;]<\/p>\n","protected":false},"author":1,"featured_media":13,"parent":0,"menu_order":0,"comment_status":"open","ping_status":"open","template":"","meta":{"_bbp_topic_count":0,"_bbp_reply_count":0,"_bbp_total_topic_count":0,"_bbp_total_reply_count":0,"_bbp_voice_count":0,"_bbp_anonymous_reply_count":0,"_bbp_topic_count_hidden":0,"_bbp_reply_count_hidden":0,"_bbp_forum_subforum_count":0,"footnotes":""},"class_list":["post-8","page","type-page","status-publish","has-post-thumbnail","hentry"],"_links":{"self":[{"href":"https:\/\/geruestbau-berger.de\/rek\/wp-json\/wp\/v2\/pages\/8","targetHints":{"allow":["GET"]}}],"collection":[{"href":"https:\/\/geruestbau-berger.de\/rek\/wp-json\/wp\/v2\/pages"}],"about":[{"href":"https:\/\/geruestbau-berger.de\/rek\/wp-json\/wp\/v2\/types\/page"}],"author":[{"embeddable":true,"href":"https:\/\/geruestbau-berger.de\/rek\/wp-json\/wp\/v2\/users\/1"}],"replies":[{"embeddable":true,"href":"https:\/\/geruestbau-berger.de\/rek\/wp-json\/wp\/v2\/comments?post=8"}],"version-history":[{"count":19,"href":"https:\/\/geruestbau-berger.de\/rek\/wp-json\/wp\/v2\/pages\/8\/revisions"}],"predecessor-version":[{"id":551,"href":"https:\/\/geruestbau-berger.de\/rek\/wp-json\/wp\/v2\/pages\/8\/revisions\/551"}],"wp:featuredmedia":[{"embeddable":true,"href":"https:\/\/geruestbau-berger.de\/rek\/wp-json\/wp\/v2\/media\/13"}],"wp:attachment":[{"href":"https:\/\/geruestbau-berger.de\/rek\/wp-json\/wp\/v2\/media?parent=8"}],"curies":[{"name":"wp","href":"https:\/\/api.w.org\/{rel}","templated":true}]}}